{"id":103,"date":"2023-03-13T11:08:40","date_gmt":"2023-03-13T14:08:40","guid":{"rendered":"http:\/\/solarisautomation.com\/?page_id=103"},"modified":"2024-08-28T17:19:40","modified_gmt":"2024-08-28T20:19:40","slug":"integradores","status":"publish","type":"page","link":"https:\/\/solarisautomation.com\/index.php\/integradores\/","title":{"rendered":"Integradores"},"content":{"rendered":"\n<p>A Solaris Automation possui diversos integradores independentes, em v\u00e1rias regi\u00f5es do pa\u00eds. Salientamos que a Solaris Automation n\u00e3o se responsabiliza por servi\u00e7os prestados pelos mesmos, mas n\u00e3o se isenta do compromisso com nossos equipamentos quanto a vig\u00eancia de garantias.<\/p>\n\n\n\n<p>Nossos Integradores<\/p>\n\n\n\n<p class=\"has-text-align-center\"><strong>Rio Grande do Sul<\/strong><\/p>\n\n\n\n<ul class=\"wp-block-list\">\n<li><strong>Teknimas Automa\u00e7\u00e3o<\/strong> &#8211; Rua Hungria, 166 &#8211; Novo Hamburgo &#8211; Sr. Gustavo Semensatto Fone: (51) 3595-2902<\/li>\n\n\n\n<li><strong>Ermel Automa\u00e7\u00e3o<\/strong> &#8211; Rua Epif\u00e2neo Foga\u00e7a, 200 &#8211; S\u00e3o Leopoldo &#8211; Sr. Marco Ermel Fone: (51)98145-1211<\/li>\n\n\n\n<li><strong>LBTEC Equipamentos<\/strong> &#8211; Farroupilha &#8211; Sr. Leandro Barbacovi Fone: (54) 98117-5297<\/li>\n<\/ul>\n\n\n\n<p class=\"has-text-align-center\"><strong>Santa Catarina<\/strong><\/p>\n\n\n\n<ul class=\"wp-block-list\">\n<li><strong>LEMAQS<\/strong> &#8211; Rua Marcolino Duarte, 1027 &#8211; sala 01 &#8211; S\u00e3o Jo\u00e3o Batista &#8211; Sr. Leandro Semensatto Fone: (48) 99190-7096 <\/li>\n\n\n\n<li><strong>JDM Automa\u00e7\u00e3o LTDA.<\/strong> &#8211; Rua Jacob, 126 &#8211; Joinvile &#8211; Sr. S\u00e9rgio Luiz Corr\u00eaa Fone: (47) 3473-6970<\/li>\n<\/ul>\n\n\n\n<p class=\"has-text-align-center\"><strong>Paran\u00e1<\/strong><\/p>\n\n\n\n<ul class=\"wp-block-list\">\n<li><strong>JDM Automa\u00e7\u00e3o LTDA.<\/strong> &#8211; Av. das Arauc\u00e1rias, 115 &#8211; Curitiba Fone: (41) 3643-2166<\/li>\n<\/ul>\n\n\n\n<p class=\"has-text-align-center\"><strong>S\u00e3o Paulo<\/strong><\/p>\n\n\n\n<ul class=\"wp-block-list\">\n<li><strong>VMC Com\u00e9rcio de Pe\u00e7as para M\u00e1quinas Ltda.<\/strong> &#8211; Rua Queriri, 28 &#8211; Sr. Volmir Silva Fone: (11) 2097-1600<\/li>\n\n\n\n<li><strong>Resolv Manuten\u00e7\u00e3o e Automa\u00e7\u00e3o<\/strong> &#8211; Rua Raphael Sanches, 169 &#8211; Sr. Den\u00edlson de Oliveira Fone: (18) 99791-2089<\/li>\n<\/ul>\n\n\n\n<p class=\"has-text-align-center\"><strong>Rio de Janeiro<\/strong><\/p>\n\n\n\n<ul class=\"wp-block-list\">\n<li><strong>OTE Automa\u00e7\u00e3o e Manuten\u00e7\u00e3o LTDA.<\/strong> &#8211; Rua S\u00e3o Geraldo, 132, Lt:33, Qd:61, Casa 2 &#8211; Maric\u00e1 &#8211;  Sr. Denilton de Souza Oliveira Fone: (21) 96433-2990<\/li>\n<\/ul>\n\n\n\n<p class=\"has-text-align-center\"><strong>Minas Gerais<\/strong><\/p>\n\n\n\n<ul class=\"wp-block-list\">\n<li><strong>Rodrigo Automa\u00e7\u00e3o<\/strong> &#8211; Rua Tabeli\u00e3o Joaquim Jer\u00f4nimo, 171 &#8211; apto: 201 &#8211; Sr. Rodrigo Fone: (37) 9107-0136<\/li>\n<\/ul>\n","protected":false},"excerpt":{"rendered":"<p>A Solaris Automation possui diversos integradores independentes, em v\u00e1rias regi\u00f5es do pa\u00eds. Salientamos que a Solaris Automation n\u00e3o se responsabiliza por servi\u00e7os prestados pelos mesmos, mas n\u00e3o se isenta do compromisso com nossos equipamentos quanto a vig\u00eancia de garantias. Nossos Integradores Rio Grande do Sul Santa Catarina Paran\u00e1 S\u00e3o Paulo [&hellip;]<\/p>\n","protected":false},"author":1,"featured_media":251,"parent":0,"menu_order":0,"comment_status":"closed","ping_status":"closed","template":"","meta":{"footnotes":""},"class_list":["post-103","page","type-page","status-publish","has-post-thumbnail","hentry"],"_links":{"self":[{"href":"https:\/\/solarisautomation.com\/index.php\/wp-json\/wp\/v2\/pages\/103","targetHints":{"allow":["GET"]}}],"collection":[{"href":"https:\/\/solarisautomation.com\/index.php\/wp-json\/wp\/v2\/pages"}],"about":[{"href":"https:\/\/solarisautomation.com\/index.php\/wp-json\/wp\/v2\/types\/page"}],"author":[{"embeddable":true,"href":"https:\/\/solarisautomation.com\/index.php\/wp-json\/wp\/v2\/users\/1"}],"replies":[{"embeddable":true,"href":"https:\/\/solarisautomation.com\/index.php\/wp-json\/wp\/v2\/comments?post=103"}],"version-history":[{"count":12,"href":"https:\/\/solarisautomation.com\/index.php\/wp-json\/wp\/v2\/pages\/103\/revisions"}],"predecessor-version":[{"id":320,"href":"https:\/\/solarisautomation.com\/index.php\/wp-json\/wp\/v2\/pages\/103\/revisions\/320"}],"wp:featuredmedia":[{"embeddable":true,"href":"https:\/\/solarisautomation.com\/index.php\/wp-json\/wp\/v2\/media\/251"}],"wp:attachment":[{"href":"https:\/\/solarisautomation.com\/index.php\/wp-json\/wp\/v2\/media?parent=103"}],"curies":[{"name":"wp","href":"https:\/\/api.w.org\/{rel}","templated":true}]}}