{"id":104,"date":"2023-03-13T11:08:40","date_gmt":"2023-03-13T14:08:40","guid":{"rendered":"http:\/\/solarisautomation.com\/?page_id=104"},"modified":"2025-03-27T15:03:50","modified_gmt":"2025-03-27T18:03:50","slug":"ferramentas","status":"publish","type":"page","link":"https:\/\/solarisautomation.com\/index.php\/ferramentas\/","title":{"rendered":"Ferramentas"},"content":{"rendered":"\n<p class=\"has-medium-font-size\"><strong>Ferramentas de desenvolvimento Solaris<\/strong><\/p>\n\n\n\n<p>Toda nossa linha de Controladores L\u00f3gicos Program\u00e1veis utiliza programa\u00e7\u00e3o em linguagem pr\u00f3pria, TURBO Solaris (\u201cNatural Language State\u201d), orientada a m\u00e1quinas l\u00f3gicas multitarefas, estados e transi\u00e7\u00f5es. Onde o programador descreve naturalmente a sequ\u00eancia de opera\u00e7\u00f5es sem se preocupar com o intertravamento das opera\u00e7\u00f5es n\u00e3o desejadas. Este tipo de linguagem tem como caracter\u00edstica principal a f\u00e1cil manuten\u00e7\u00e3o de seus programas.&nbsp;<br><br>A ferramenta de edi\u00e7\u00e3o, compila\u00e7\u00e3o e grava\u00e7\u00e3o serial (apenas para CPU com Flash Eprom) de alto desempenho, foi totalmente desenvolvida pela Solaris Automation. Sendo a mesma para ambiente Windows e denominando-se WinTS, Turbo Solaris for Windows, hoje em sua segunda gera\u00e7\u00e3o (WinTS2).<\/p>\n\n\n\n<p><strong>WinTS2 &#8211; Vers\u00e3o 3.903 atualizada em 20 de Janeiro de 2022.<\/strong><\/p>\n\n\n<div class=\"wp-block-image\">\n<figure class=\"aligncenter size-full\"><a href=\"https:\/\/solarisautomation.com\/wp-content\/uploads\/2023\/03\/WinTs3-903.zip\"><img loading=\"lazy\" decoding=\"async\" width=\"300\" height=\"300\" src=\"https:\/\/solarisautomation.com\/wp-content\/uploads\/2023\/03\/download-icone.jpg\" alt=\"\" class=\"wp-image-262\" srcset=\"https:\/\/solarisautomation.com\/wp-content\/uploads\/2023\/03\/download-icone.jpg 300w, https:\/\/solarisautomation.com\/wp-content\/uploads\/2023\/03\/download-icone-150x150.jpg 150w, https:\/\/solarisautomation.com\/wp-content\/uploads\/2023\/03\/download-icone-160x160.jpg 160w\" sizes=\"auto, (max-width: 300px) 100vw, 300px\" \/><\/a><\/figure>\n<\/div>\n\n\n<p>Instru\u00e7\u00f5es para download de software aplicativo para CLPs da s\u00e9rie s8100. <strong><a href=\"https:\/\/solarisautomation.com\/wp-content\/uploads\/2025\/03\/Download-s8100_0-3.pdf\">Consulte aqui.<\/a><\/strong><\/p>\n\n\n\n<p><\/p>\n","protected":false},"excerpt":{"rendered":"<p>Ferramentas de desenvolvimento Solaris Toda nossa linha de Controladores L\u00f3gicos Program\u00e1veis utiliza programa\u00e7\u00e3o em linguagem pr\u00f3pria, TURBO Solaris (\u201cNatural Language State\u201d), orientada a m\u00e1quinas l\u00f3gicas multitarefas, estados e transi\u00e7\u00f5es. Onde o programador descreve naturalmente a sequ\u00eancia de opera\u00e7\u00f5es sem se preocupar com o intertravamento das opera\u00e7\u00f5es n\u00e3o desejadas. Este tipo [&hellip;]<\/p>\n","protected":false},"author":1,"featured_media":258,"parent":0,"menu_order":0,"comment_status":"closed","ping_status":"closed","template":"","meta":{"footnotes":""},"class_list":["post-104","page","type-page","status-publish","has-post-thumbnail","hentry"],"_links":{"self":[{"href":"https:\/\/solarisautomation.com\/index.php\/wp-json\/wp\/v2\/pages\/104","targetHints":{"allow":["GET"]}}],"collection":[{"href":"https:\/\/solarisautomation.com\/index.php\/wp-json\/wp\/v2\/pages"}],"about":[{"href":"https:\/\/solarisautomation.com\/index.php\/wp-json\/wp\/v2\/types\/page"}],"author":[{"embeddable":true,"href":"https:\/\/solarisautomation.com\/index.php\/wp-json\/wp\/v2\/users\/1"}],"replies":[{"embeddable":true,"href":"https:\/\/solarisautomation.com\/index.php\/wp-json\/wp\/v2\/comments?post=104"}],"version-history":[{"count":7,"href":"https:\/\/solarisautomation.com\/index.php\/wp-json\/wp\/v2\/pages\/104\/revisions"}],"predecessor-version":[{"id":327,"href":"https:\/\/solarisautomation.com\/index.php\/wp-json\/wp\/v2\/pages\/104\/revisions\/327"}],"wp:featuredmedia":[{"embeddable":true,"href":"https:\/\/solarisautomation.com\/index.php\/wp-json\/wp\/v2\/media\/258"}],"wp:attachment":[{"href":"https:\/\/solarisautomation.com\/index.php\/wp-json\/wp\/v2\/media?parent=104"}],"curies":[{"name":"wp","href":"https:\/\/api.w.org\/{rel}","templated":true}]}}