{"id":140,"date":"2023-03-13T13:22:29","date_gmt":"2023-03-13T16:22:29","guid":{"rendered":"http:\/\/solarisautomation.com\/?page_id=140"},"modified":"2026-03-20T10:16:03","modified_gmt":"2026-03-20T13:16:03","slug":"clp-serie-s9200","status":"publish","type":"page","link":"https:\/\/solarisautomation.com\/index.php\/clp-serie-s9200\/","title":{"rendered":"CLP Serie s9200"},"content":{"rendered":"<div class=\"wp-block-image\">\n<figure class=\"aligncenter size-full is-resized\"><img loading=\"lazy\" decoding=\"async\" width=\"299\" height=\"221\" src=\"https:\/\/solarisautomation.com\/wp-content\/uploads\/2023\/03\/s9200.png\" alt=\"\" class=\"wp-image-86\" style=\"width:375px;height:auto\"\/><\/figure>\n<\/div>\n\n\n<p class=\"has-text-align-center has-medium-font-size\"><strong>Descri\u00e7\u00e3o do Produto<\/strong><\/p>\n\n\n\n<p class=\"has-white-background-color has-background\">Os controladores l\u00f3gicas da s\u00e9ria s9200 oferecem uma grande versatilidade para in\u00fameras aplica\u00e7\u00f5es, uma que o mesmo pode ser totalmente configurado conforme a necessidade da m\u00e1quina. <\/p>\n\n\n\n<p>Seguintes m\u00f3dulos podem ser utilizados para configura\u00e7\u00e3o de um CLP s9200:<\/p>\n\n\n\n<ul class=\"wp-block-list\">\n<li>CPU6 s9200 &#8211; <strong>C<\/strong>entral&nbsp;<strong>P<\/strong>rocessing&nbsp;<strong>U<\/strong>nit &#8211; m\u00f3dulo respons\u00e1vel por todo processamento e armazenagem de dados, <a href=\"https:\/\/solarisautomation.com\/wp-content\/uploads\/2023\/03\/MNE-CPU6-9200_1-0-2.pdf\"><strong>Consultar Manual;<\/strong><\/a><\/li>\n\n\n\n<li>SFA s9200 &#8211; <strong>S<\/strong>olaris&nbsp;<strong>F<\/strong>ast&nbsp;<strong>A<\/strong>nalogic &#8211; constitui uma interface de entradas anal\u00f3gicas r\u00e1pidas e sa\u00eddas anal\u00f3gicas, <a href=\"https:\/\/solarisautomation.com\/wp-content\/uploads\/2023\/03\/MNE-SFA-9200_2-0.pdf\"><strong>Consultar Manual;<\/strong><\/a><\/li>\n\n\n\n<li>SAS 9200 &#8211; <strong>S<\/strong>olaris&nbsp;<strong>A<\/strong>nalogic&nbsp;<strong>S<\/strong>ystem &#8211; interface de entradas anal\u00f3gicas para leitura de temperatura e sa\u00eddas anal\u00f3gicas, <a href=\"https:\/\/solarisautomation.com\/wp-content\/uploads\/2023\/03\/MNE-SAS-9200_2-0.pdf\"><strong>Consultar Manual;<\/strong><\/a><\/li>\n\n\n\n<li>SAX s9200 &#8211; <strong><strong>S<\/strong><\/strong>olaris&nbsp;<strong>A<\/strong>nalogic E<strong>X<\/strong>tended &#8211; interface de entradas para leitura de temperatura, entradas anal\u00f3gicas r\u00e1pidas e sa\u00eddas anal\u00f3gicas, <a href=\"https:\/\/solarisautomation.com\/wp-content\/uploads\/2023\/03\/MNE-SAX-9200_1-0.pdf\"><strong>Consultar Manual;<\/strong><\/a><\/li>\n\n\n\n<li>SDI s9200 &#8211; <strong><strong>S<\/strong><\/strong>olaris&nbsp;<strong>D<\/strong>igital&nbsp;<strong>I<\/strong>nput &#8211; constitui uma interface de entradas digitais com contadores r\u00e1pidos (opcional), <a href=\"https:\/\/solarisautomation.com\/wp-content\/uploads\/2023\/03\/MNE-SDI-9200_2-0.pdf\"><strong>Consultar Manual;<\/strong><\/a><\/li>\n\n\n\n<li>SDC s9200 &#8211; <strong><strong>S<\/strong><\/strong>olaris&nbsp;<strong>D<\/strong>irect&nbsp;<strong>C<\/strong>urrent &#8211; constitui uma interface de sa\u00eddas digitais em corrente cont\u00ednua, <a href=\"https:\/\/solarisautomation.com\/wp-content\/uploads\/2023\/03\/MNE-SDC-9200_2-0.pdf\"><strong>Consultar Manual;<\/strong><\/a><\/li>\n\n\n\n<li>SAC s9200 &#8211; <strong><strong>S<\/strong><\/strong>olaris&nbsp;<strong>A<\/strong>lternated&nbsp;<strong>C<\/strong>urrent &#8211; constitui uma interface de sa\u00eddas digitais em corrente alternada, <a href=\"https:\/\/solarisautomation.com\/wp-content\/uploads\/2023\/03\/MNE-SAC-9200_1-0.pdf\"><strong>Consultar Manual;<\/strong><\/a><\/li>\n\n\n\n<li>SIO s9200 &#8211; <strong>S<\/strong>olaris&nbsp;<strong>I<\/strong>nput&nbsp;<strong>O<\/strong>utput &#8211; constitui uma interface de sa\u00eddas e entradas digitais em corrente cont\u00ednua, <a href=\"https:\/\/solarisautomation.com\/wp-content\/uploads\/2023\/03\/MNE-SIO-9200_1-0.pdf\"><strong>Consultar Manual;<\/strong><\/a><\/li>\n\n\n\n<li>PS2 s9200 &#8211; <strong>P<\/strong>ower&nbsp;<strong>S<\/strong>upply&nbsp;<strong>2<\/strong>&nbsp;&#8211; \u00e9 uma fonte de alimenta\u00e7\u00e3o para o CLP s9200 com entrada em corrente alternada, <a href=\"https:\/\/solarisautomation.com\/wp-content\/uploads\/2023\/03\/MNE-PS2-9200_2-0.pdf\"><strong>Consultar Manual;<\/strong><\/a><\/li>\n\n\n\n<li>PS3 s9200 &#8211; <strong>P<\/strong>ower&nbsp;<strong>S<\/strong>upply&nbsp;<strong>3<\/strong>&nbsp;&#8211; \u00e9 uma fonte de alimenta\u00e7\u00e3o para o CLP s9200 com entrada em corrente cont\u00ednua, <a href=\"https:\/\/solarisautomation.com\/wp-content\/uploads\/2023\/03\/MNE-PS3-9200_1-0.pdf\"><strong>Consultar Manual;<\/strong><\/a><\/li>\n\n\n\n<li>SPMQ s9200 &#8211; <strong><strong>S<\/strong><\/strong>olaris&nbsp;<strong>P<\/strong>ulse&nbsp;<strong>M<\/strong>odulation&nbsp;<strong>Q<\/strong>uad- m\u00f3dulo de sa\u00eddas de corrente para v\u00e1lvulas proporcionais, com sa\u00eddas de tens\u00e3o proporcionais a corrente &#8211; at\u00e9 4 canais, <a href=\"https:\/\/solarisautomation.com\/wp-content\/uploads\/2023\/03\/MNE-SPMQ-9200_1-0.pdf\"><strong>Consultar Manual;<\/strong><\/a><\/li>\n\n\n\n<li>SRK5 s9200 &#8211; <strong><strong>S<\/strong><\/strong>olaris&nbsp;<strong>R<\/strong>ac<strong>K<\/strong>&nbsp;<strong>5<\/strong>&nbsp;&#8211; Gabinete com capacidade para conex\u00e3o de at\u00e9 5 m\u00f3dulos da s\u00e9rie de CLP s9200, <a href=\"https:\/\/solarisautomation.com\/wp-content\/uploads\/2023\/03\/SRK5_s9200_rev1.pdf\"><strong>Consultar Manual;<\/strong><\/a><\/li>\n\n\n\n<li>SRK8 s9200 &#8211; <strong>S<\/strong>olaris&nbsp;<strong>R<\/strong>ac<strong>K<\/strong>&nbsp;<strong>8<\/strong>&nbsp;&#8211; Gabinete com capacidade para conex\u00e3o de at\u00e9 8 m\u00f3dulos da s\u00e9rie de CLP s9200, <a href=\"https:\/\/solarisautomation.com\/wp-content\/uploads\/2023\/03\/SRK8_s9200_rev1.pdf\"><strong>Consultar Manual;<\/strong><\/a><\/li>\n\n\n\n<li>SRK10 s9200 &#8211; <strong><strong>S<\/strong><\/strong>olaris&nbsp;<strong>R<\/strong>ac<strong>K<\/strong>&nbsp;<strong>10<\/strong>&nbsp;&#8211; Gabinete com capacidade para conex\u00e3o de at\u00e9 10 m\u00f3dulos da s\u00e9rie de CLP s9200, <a href=\"https:\/\/solarisautomation.com\/wp-content\/uploads\/2023\/03\/SRK10_s9200_rev1.pdf\"><strong>Consultar Manual;<\/strong><\/a><\/li>\n\n\n\n<li>SRK14 s9200 &#8211; <strong><strong>S<\/strong><\/strong>olaris&nbsp;<strong>R<\/strong>ac<strong>K<\/strong>&nbsp;<strong>14<\/strong>&nbsp;&#8211; Gabinete com capacidade para conex\u00e3o de at\u00e9 14 m\u00f3dulos da s\u00e9rie de CLP s9200, <a href=\"https:\/\/solarisautomation.com\/wp-content\/uploads\/2023\/03\/SRK14_s9200_rev1.pdf\"><strong>Consultar Manual;<\/strong><\/a><\/li>\n<\/ul>\n\n\n\n<p>OBS: Caso esteja procurando um produto que n\u00e3o consta na lista, o mesmo pode estar descontinuado, entre em contato para consultar disponibilidade.<\/p>\n","protected":false},"excerpt":{"rendered":"<p>Descri\u00e7\u00e3o do Produto Os controladores l\u00f3gicas da s\u00e9ria s9200 oferecem uma grande versatilidade para in\u00fameras aplica\u00e7\u00f5es, uma que o mesmo pode ser totalmente configurado conforme a necessidade da m\u00e1quina. Seguintes m\u00f3dulos podem ser utilizados para configura\u00e7\u00e3o de um CLP s9200: OBS: Caso esteja procurando um produto que n\u00e3o consta na [&hellip;]<\/p>\n","protected":false},"author":1,"featured_media":86,"parent":0,"menu_order":0,"comment_status":"closed","ping_status":"closed","template":"","meta":{"footnotes":""},"class_list":["post-140","page","type-page","status-publish","has-post-thumbnail","hentry"],"_links":{"self":[{"href":"https:\/\/solarisautomation.com\/index.php\/wp-json\/wp\/v2\/pages\/140","targetHints":{"allow":["GET"]}}],"collection":[{"href":"https:\/\/solarisautomation.com\/index.php\/wp-json\/wp\/v2\/pages"}],"about":[{"href":"https:\/\/solarisautomation.com\/index.php\/wp-json\/wp\/v2\/types\/page"}],"author":[{"embeddable":true,"href":"https:\/\/solarisautomation.com\/index.php\/wp-json\/wp\/v2\/users\/1"}],"replies":[{"embeddable":true,"href":"https:\/\/solarisautomation.com\/index.php\/wp-json\/wp\/v2\/comments?post=140"}],"version-history":[{"count":18,"href":"https:\/\/solarisautomation.com\/index.php\/wp-json\/wp\/v2\/pages\/140\/revisions"}],"predecessor-version":[{"id":359,"href":"https:\/\/solarisautomation.com\/index.php\/wp-json\/wp\/v2\/pages\/140\/revisions\/359"}],"wp:featuredmedia":[{"embeddable":true,"href":"https:\/\/solarisautomation.com\/index.php\/wp-json\/wp\/v2\/media\/86"}],"wp:attachment":[{"href":"https:\/\/solarisautomation.com\/index.php\/wp-json\/wp\/v2\/media?parent=140"}],"curies":[{"name":"wp","href":"https:\/\/api.w.org\/{rel}","templated":true}]}}