{"id":180,"date":"2023-03-13T14:18:49","date_gmt":"2023-03-13T17:18:49","guid":{"rendered":"http:\/\/solarisautomation.com\/?page_id=180"},"modified":"2026-03-20T10:16:36","modified_gmt":"2026-03-20T13:16:36","slug":"clp-serie-9500","status":"publish","type":"page","link":"https:\/\/solarisautomation.com\/index.php\/clp-serie-9500\/","title":{"rendered":"CLP Serie s9500"},"content":{"rendered":"<div class=\"wp-block-image\">\n<figure class=\"aligncenter size-large is-resized\"><img loading=\"lazy\" decoding=\"async\" width=\"1024\" height=\"896\" src=\"https:\/\/solarisautomation.com\/wp-content\/uploads\/2023\/03\/s9500-recortado-1024x896.jpg\" alt=\"\" class=\"wp-image-88\" style=\"aspect-ratio:1.1428988367016482;width:257px;height:auto\" srcset=\"https:\/\/solarisautomation.com\/wp-content\/uploads\/2023\/03\/s9500-recortado-1024x896.jpg 1024w, https:\/\/solarisautomation.com\/wp-content\/uploads\/2023\/03\/s9500-recortado-300x263.jpg 300w, https:\/\/solarisautomation.com\/wp-content\/uploads\/2023\/03\/s9500-recortado-768x672.jpg 768w, https:\/\/solarisautomation.com\/wp-content\/uploads\/2023\/03\/s9500-recortado-1536x1344.jpg 1536w, https:\/\/solarisautomation.com\/wp-content\/uploads\/2023\/03\/s9500-recortado.jpg 1600w\" sizes=\"auto, (max-width: 1024px) 100vw, 1024px\" \/><\/figure>\n<\/div>\n\n\n<p class=\"has-text-align-center has-medium-font-size\"><strong>Descri\u00e7\u00e3o do Produto<\/strong><\/p>\n\n\n\n<p>Os controladores l\u00f3gicas da s\u00e9ria s9500 oferecem uma solu\u00e7\u00e3o para m\u00e1quinas de m\u00e9dio porte, possuindo uma configura\u00e7\u00e3o fixa, dimens\u00f5es reduzidas e apresentando todos os tipo de portas I\/O necess\u00e1rias para realizar automa\u00e7\u00e3o completa.<\/p>\n\n\n\n<p class=\"has-text-align-center\"><strong>Configura\u00e7\u00e3o do CLP s9500<\/strong><\/p>\n\n\n\n<ul class=\"wp-block-list\">\n<li>Alimenta\u00e7\u00e3o em 24Vdc;<\/li>\n\n\n\n<li>Possui IHM interna com m\u00f3dulo de 2 linhas por 16 colunas e teclado com 17 teclas;<\/li>\n\n\n\n<li>Pode ser configurado para uso de IHM externa;<\/li>\n\n\n\n<li>16 entradas digitais PNP 24Vdc com 2 contadores r\u00e1pidos;<\/li>\n\n\n\n<li>16 sa\u00eddas digitais PNP 24Vdc com prote\u00e7\u00e3o contra curto-circuito, 1A por sa\u00edda;<\/li>\n\n\n\n<li>5 entradas de temperatura, podendo ser configurado para termopares ou termistores;<\/li>\n\n\n\n<li>5 entradas de tens\u00e3o\/corrente, para uso de r\u00e9guas pot\u00eanciom\u00e9tricas, transdutores, etc;<\/li>\n\n\n\n<li>4 sa\u00eddas anal\u00f3gicas de tens\u00e3o\/corrente;<\/li>\n<\/ul>\n\n\n\n<p><a href=\"https:\/\/solarisautomation.com\/wp-content\/uploads\/2023\/03\/MNE-CLP-s9500_rev2.pdf\" data-type=\"URL\" data-id=\"https:\/\/solarisautomation.com\/wp-content\/uploads\/2023\/03\/MNE-CLP-s9500_rev2.pdf\"><strong>Ver Manual Completo.<\/strong><\/a><\/p>\n","protected":false},"excerpt":{"rendered":"<p>Descri\u00e7\u00e3o do Produto Os controladores l\u00f3gicas da s\u00e9ria s9500 oferecem uma solu\u00e7\u00e3o para m\u00e1quinas de m\u00e9dio porte, possuindo uma configura\u00e7\u00e3o fixa, dimens\u00f5es reduzidas e apresentando todos os tipo de portas I\/O necess\u00e1rias para realizar automa\u00e7\u00e3o completa. Configura\u00e7\u00e3o do CLP s9500 Ver Manual Completo.<\/p>\n","protected":false},"author":1,"featured_media":88,"parent":0,"menu_order":0,"comment_status":"closed","ping_status":"closed","template":"","meta":{"footnotes":""},"class_list":["post-180","page","type-page","status-publish","has-post-thumbnail","hentry"],"_links":{"self":[{"href":"https:\/\/solarisautomation.com\/index.php\/wp-json\/wp\/v2\/pages\/180","targetHints":{"allow":["GET"]}}],"collection":[{"href":"https:\/\/solarisautomation.com\/index.php\/wp-json\/wp\/v2\/pages"}],"about":[{"href":"https:\/\/solarisautomation.com\/index.php\/wp-json\/wp\/v2\/types\/page"}],"author":[{"embeddable":true,"href":"https:\/\/solarisautomation.com\/index.php\/wp-json\/wp\/v2\/users\/1"}],"replies":[{"embeddable":true,"href":"https:\/\/solarisautomation.com\/index.php\/wp-json\/wp\/v2\/comments?post=180"}],"version-history":[{"count":11,"href":"https:\/\/solarisautomation.com\/index.php\/wp-json\/wp\/v2\/pages\/180\/revisions"}],"predecessor-version":[{"id":360,"href":"https:\/\/solarisautomation.com\/index.php\/wp-json\/wp\/v2\/pages\/180\/revisions\/360"}],"wp:featuredmedia":[{"embeddable":true,"href":"https:\/\/solarisautomation.com\/index.php\/wp-json\/wp\/v2\/media\/88"}],"wp:attachment":[{"href":"https:\/\/solarisautomation.com\/index.php\/wp-json\/wp\/v2\/media?parent=180"}],"curies":[{"name":"wp","href":"https:\/\/api.w.org\/{rel}","templated":true}]}}