{"id":207,"date":"2023-03-13T15:03:24","date_gmt":"2023-03-13T18:03:24","guid":{"rendered":"http:\/\/solarisautomation.com\/?page_id=207"},"modified":"2026-03-20T10:14:40","modified_gmt":"2026-03-20T13:14:40","slug":"clp-serie-s8100","status":"publish","type":"page","link":"https:\/\/solarisautomation.com\/index.php\/clp-serie-s8100\/","title":{"rendered":"CLP Serie s8100"},"content":{"rendered":"<div class=\"wp-block-image\">\n<figure class=\"aligncenter size-large is-resized\"><img loading=\"lazy\" decoding=\"async\" width=\"1024\" height=\"539\" src=\"https:\/\/solarisautomation.com\/wp-content\/uploads\/2026\/03\/s8100-1024x539.png\" alt=\"\" class=\"wp-image-345\" style=\"aspect-ratio:1.899807783773621;width:419px;height:auto\" srcset=\"https:\/\/solarisautomation.com\/wp-content\/uploads\/2026\/03\/s8100-1024x539.png 1024w, https:\/\/solarisautomation.com\/wp-content\/uploads\/2026\/03\/s8100-300x158.png 300w, https:\/\/solarisautomation.com\/wp-content\/uploads\/2026\/03\/s8100-768x404.png 768w, https:\/\/solarisautomation.com\/wp-content\/uploads\/2026\/03\/s8100-1536x808.png 1536w, https:\/\/solarisautomation.com\/wp-content\/uploads\/2026\/03\/s8100-2048x1078.png 2048w\" sizes=\"auto, (max-width: 1024px) 100vw, 1024px\" \/><\/figure>\n<\/div>\n\n\n<p class=\"has-text-align-center has-medium-font-size\"><strong>Descri\u00e7\u00e3o do Produto<\/strong><\/p>\n\n\n\n<p>Os controladores l\u00f3gicas da s\u00e9ria s8100 oferecem uma solu\u00e7\u00e3o para diversas m\u00e1quinas, pois possui configura\u00e7\u00e3o que pode ser alterada, iniciando com b\u00e1sico com 8 entradas digitais e 8 sa\u00eddas digitais, podendo chegar em configura\u00e7\u00e3o m\u00e1xima de 24 entradas digitais, 24 sa\u00eddas digitais, 12 entradas anal\u00f3gicas e 4 sa\u00eddas anal\u00f3gicas, dimens\u00f5es reduzidas e apresentando todos os tipo de portas I\/O necess\u00e1rias para realizar automa\u00e7\u00e3o completa.<\/p>\n\n\n\n<p class=\"has-text-align-center\"><strong>Configura\u00e7\u00e3o do CLP s9500<\/strong><\/p>\n\n\n\n<ul class=\"wp-block-list\">\n<li>Alimenta\u00e7\u00e3o em 24Vdc;<\/li>\n\n\n\n<li>Possui duas op\u00e7\u00f5es de IHM: \n<ul class=\"wp-block-list\">\n<li>IHM Interna com m\u00f3dulo de 2 linhas por 16 colunas e teclado com 17 teclas;<\/li>\n\n\n\n<li>IHM Interna com m\u00f3dulo colorido touch-screen 2.4&#8243; com 5 teclas;<\/li>\n<\/ul>\n<\/li>\n\n\n\n<li>Pode ser configurado para uso de IHM externa, utilizando a linha de IHM DSP9S;<\/li>\n\n\n\n<li>8 a 24 entradas digitais 24Vdc PNP;<\/li>\n\n\n\n<li>8 a 24 sa\u00eddas digitais PNP 24Vdc com prote\u00e7\u00e3o contra curto-circuito, 1A por sa\u00edda;<\/li>\n\n\n\n<li>12 entradas anal\u00f3gicas que podem ser configuradas como temperatura ou tens\u00e3o\/corrente;<\/li>\n\n\n\n<li>4 sa\u00eddas anal\u00f3gicas de tens\u00e3o\/corrente<\/li>\n<\/ul>\n\n\n\n<p><a href=\"https:\/\/solarisautomation.com\/wp-content\/uploads\/2023\/03\/MNE-CLP-s8100_rev2.pdf\"><strong>Ver Manual Completo<\/strong>.<\/a><\/p>\n","protected":false},"excerpt":{"rendered":"<p>Descri\u00e7\u00e3o do Produto Os controladores l\u00f3gicas da s\u00e9ria s8100 oferecem uma solu\u00e7\u00e3o para diversas m\u00e1quinas, pois possui configura\u00e7\u00e3o que pode ser alterada, iniciando com b\u00e1sico com 8 entradas digitais e 8 sa\u00eddas digitais, podendo chegar em configura\u00e7\u00e3o m\u00e1xima de 24 entradas digitais, 24 sa\u00eddas digitais, 12 entradas anal\u00f3gicas e 4 [&hellip;]<\/p>\n","protected":false},"author":1,"featured_media":89,"parent":0,"menu_order":0,"comment_status":"closed","ping_status":"closed","template":"","meta":{"footnotes":""},"class_list":["post-207","page","type-page","status-publish","has-post-thumbnail","hentry"],"_links":{"self":[{"href":"https:\/\/solarisautomation.com\/index.php\/wp-json\/wp\/v2\/pages\/207","targetHints":{"allow":["GET"]}}],"collection":[{"href":"https:\/\/solarisautomation.com\/index.php\/wp-json\/wp\/v2\/pages"}],"about":[{"href":"https:\/\/solarisautomation.com\/index.php\/wp-json\/wp\/v2\/types\/page"}],"author":[{"embeddable":true,"href":"https:\/\/solarisautomation.com\/index.php\/wp-json\/wp\/v2\/users\/1"}],"replies":[{"embeddable":true,"href":"https:\/\/solarisautomation.com\/index.php\/wp-json\/wp\/v2\/comments?post=207"}],"version-history":[{"count":9,"href":"https:\/\/solarisautomation.com\/index.php\/wp-json\/wp\/v2\/pages\/207\/revisions"}],"predecessor-version":[{"id":355,"href":"https:\/\/solarisautomation.com\/index.php\/wp-json\/wp\/v2\/pages\/207\/revisions\/355"}],"wp:featuredmedia":[{"embeddable":true,"href":"https:\/\/solarisautomation.com\/index.php\/wp-json\/wp\/v2\/media\/89"}],"wp:attachment":[{"href":"https:\/\/solarisautomation.com\/index.php\/wp-json\/wp\/v2\/media?parent=207"}],"curies":[{"name":"wp","href":"https:\/\/api.w.org\/{rel}","templated":true}]}}