{"id":223,"date":"2023-03-14T15:05:13","date_gmt":"2023-03-14T18:05:13","guid":{"rendered":"http:\/\/solarisautomation.com\/?page_id=223"},"modified":"2026-03-20T10:15:28","modified_gmt":"2026-03-20T13:15:28","slug":"clp-serie-s8300","status":"publish","type":"page","link":"https:\/\/solarisautomation.com\/index.php\/clp-serie-s8300\/","title":{"rendered":"CLP Serie s8300"},"content":{"rendered":"<div class=\"wp-block-image\">\n<figure class=\"aligncenter size-large is-resized\"><img loading=\"lazy\" decoding=\"async\" width=\"1024\" height=\"675\" src=\"https:\/\/solarisautomation.com\/wp-content\/uploads\/2026\/03\/CLP-s8300-1024x675.png\" alt=\"\" class=\"wp-image-335\" style=\"aspect-ratio:1.5170213183417192;width:375px;height:auto\" srcset=\"https:\/\/solarisautomation.com\/wp-content\/uploads\/2026\/03\/CLP-s8300-1024x675.png 1024w, https:\/\/solarisautomation.com\/wp-content\/uploads\/2026\/03\/CLP-s8300-300x198.png 300w, https:\/\/solarisautomation.com\/wp-content\/uploads\/2026\/03\/CLP-s8300-768x506.png 768w, https:\/\/solarisautomation.com\/wp-content\/uploads\/2026\/03\/CLP-s8300.png 1198w\" sizes=\"auto, (max-width: 1024px) 100vw, 1024px\" \/><\/figure>\n<\/div>\n\n\n<p class=\"has-text-align-center has-medium-font-size\"><strong>Descri\u00e7\u00e3o do Produto<\/strong><\/p>\n\n\n\n<p>Os controladores l\u00f3gicas da s\u00e9ria s8300 oferecem uma solu\u00e7\u00e3o para m\u00e1quinas de pequeno porte, possuindo configura\u00e7\u00e3o fixa com 8 entradas digitais e 8 sa\u00eddas digitais e 4 entradas anal\u00f3gicas, apresenta dimens\u00f5es reduzidas com profundidade de 45mm e o menor custo da linha de CLP da Solaris.<\/p>\n\n\n\n<p class=\"has-text-align-center\"><strong>Configura\u00e7\u00e3o do CLP s9500<\/strong><\/p>\n\n\n\n<ul class=\"wp-block-list\">\n<li>Alimenta\u00e7\u00e3o em 24Vdc;<\/li>\n\n\n\n<li>Possui duas op\u00e7\u00f5es de IHM:\n<ul class=\"wp-block-list\">\n<li>IHM Interna com m\u00f3dulo de 2 linhas por 16 colunas e teclado com 17 teclas;<\/li>\n\n\n\n<li>IHM Interna com m\u00f3dulo colorida touch-screen 2.4&#8243; com 5 teclas;<\/li>\n<\/ul>\n<\/li>\n\n\n\n<li>8 entradas digitais 24Vdc PNP;<\/li>\n\n\n\n<li>8 sa\u00eddas digitais PNP 24Vdc com prote\u00e7\u00e3o contra curto-circuito, 1A por sa\u00edda;<\/li>\n\n\n\n<li>4 entradas anal\u00f3gicas que podem ser configuradas como temperatura ou tens\u00e3o\/corrente;<\/li>\n<\/ul>\n\n\n\n<p><a href=\"https:\/\/solarisautomation.com\/wp-content\/uploads\/2026\/03\/MNE-CLP-s8300_rev2.pdf\"><strong>Ver Manual Completo<\/strong>.<\/a><\/p>\n\n\n\n<p><\/p>\n","protected":false},"excerpt":{"rendered":"<p>Descri\u00e7\u00e3o do Produto Os controladores l\u00f3gicas da s\u00e9ria s8300 oferecem uma solu\u00e7\u00e3o para m\u00e1quinas de pequeno porte, possuindo configura\u00e7\u00e3o fixa com 8 entradas digitais e 8 sa\u00eddas digitais e 4 entradas anal\u00f3gicas, apresenta dimens\u00f5es reduzidas com profundidade de 45mm e o menor custo da linha de CLP da Solaris. Configura\u00e7\u00e3o [&hellip;]<\/p>\n","protected":false},"author":1,"featured_media":220,"parent":0,"menu_order":0,"comment_status":"closed","ping_status":"closed","template":"","meta":{"footnotes":""},"class_list":["post-223","page","type-page","status-publish","has-post-thumbnail","hentry"],"_links":{"self":[{"href":"https:\/\/solarisautomation.com\/index.php\/wp-json\/wp\/v2\/pages\/223","targetHints":{"allow":["GET"]}}],"collection":[{"href":"https:\/\/solarisautomation.com\/index.php\/wp-json\/wp\/v2\/pages"}],"about":[{"href":"https:\/\/solarisautomation.com\/index.php\/wp-json\/wp\/v2\/types\/page"}],"author":[{"embeddable":true,"href":"https:\/\/solarisautomation.com\/index.php\/wp-json\/wp\/v2\/users\/1"}],"replies":[{"embeddable":true,"href":"https:\/\/solarisautomation.com\/index.php\/wp-json\/wp\/v2\/comments?post=223"}],"version-history":[{"count":7,"href":"https:\/\/solarisautomation.com\/index.php\/wp-json\/wp\/v2\/pages\/223\/revisions"}],"predecessor-version":[{"id":357,"href":"https:\/\/solarisautomation.com\/index.php\/wp-json\/wp\/v2\/pages\/223\/revisions\/357"}],"wp:featuredmedia":[{"embeddable":true,"href":"https:\/\/solarisautomation.com\/index.php\/wp-json\/wp\/v2\/media\/220"}],"wp:attachment":[{"href":"https:\/\/solarisautomation.com\/index.php\/wp-json\/wp\/v2\/media?parent=223"}],"curies":[{"name":"wp","href":"https:\/\/api.w.org\/{rel}","templated":true}]}}