{"id":240,"date":"2023-03-14T15:41:48","date_gmt":"2023-03-14T18:41:48","guid":{"rendered":"http:\/\/solarisautomation.com\/?page_id=240"},"modified":"2026-03-20T10:17:02","modified_gmt":"2026-03-20T13:17:02","slug":"ihm","status":"publish","type":"page","link":"https:\/\/solarisautomation.com\/index.php\/ihm\/","title":{"rendered":"IHM"},"content":{"rendered":"<div class=\"wp-block-image\">\n<figure class=\"aligncenter size-full\"><img loading=\"lazy\" decoding=\"async\" width=\"300\" height=\"238\" src=\"https:\/\/solarisautomation.com\/wp-content\/uploads\/2023\/03\/HMIs.jpg\" alt=\"\" class=\"wp-image-90\"\/><\/figure>\n<\/div>\n\n\n<p class=\"has-text-align-center has-medium-font-size\"><strong>Descri\u00e7\u00e3o do Produto<\/strong><\/p>\n\n\n\n<p>Fornecendo uma solu\u00e7\u00e3o para que o operador utilize as informa\u00e7\u00e3o da automa\u00e7\u00e3o com efici\u00eancia, fornecemos IHM com v\u00e1rios formatos de tela e teclado.<\/p>\n\n\n\n<p>Modelos de IHM dispon\u00edveis:<\/p>\n\n\n\n<ul class=\"wp-block-list\">\n<li>DSP8A &#8211; Human Machine <strong>I<\/strong>nterface &#8211; s\u00e9rie DSP8A &#8211; conex\u00e3o paralela, com teclado. <a href=\"https:\/\/solarisautomation.com\/wp-content\/uploads\/2023\/03\/MNE-HMI_DSP8_rev2.pdf\"><strong>Consultar Manual;<\/strong><\/a><\/li>\n\n\n\n<li>DSP8B &#8211; Human Machine <strong>I<\/strong>nterface &#8211; s\u00e9rie DSP8B &#8211; conex\u00e3o paralela, com teclado. <a href=\"https:\/\/solarisautomation.com\/wp-content\/uploads\/2023\/03\/MNE-HMI_DSP8_rev2.pdf\"><strong>Consultar Manual;<\/strong><\/a><\/li>\n\n\n\n<li>DSP9A &#8211; Human Machine <strong>I<\/strong>nterface &#8211; s\u00e9rie DSP9A &#8211; conex\u00e3o paralela, com teclado. <a href=\"https:\/\/solarisautomation.com\/wp-content\/uploads\/2023\/03\/MNE-HMI_DSP9_rev3.pdf\"><strong>Consultar Manual;<\/strong><\/a><\/li>\n\n\n\n<li>DSP9B &#8211; Human Machine <strong>I<\/strong>nterface &#8211; s\u00e9rie DSP9B &#8211; conex\u00e3o paralela, com teclado. <a href=\"https:\/\/solarisautomation.com\/wp-content\/uploads\/2023\/03\/MNE-HMI_DSP9_rev3.pdf\"><strong>Consultar Manual;<\/strong><\/a><\/li>\n\n\n\n<li>DSP9C &#8211; Human Machine <strong>I<\/strong>nterface &#8211; s\u00e9rie DSP9C &#8211; conex\u00e3o paralela, com teclado. <a href=\"https:\/\/solarisautomation.com\/wp-content\/uploads\/2023\/03\/MNE-HMI_DSP9_rev3.pdf\"><strong>Consultar Manual;<\/strong><\/a><\/li>\n\n\n\n<li>DSP9G &#8211; Human Machine <strong>I<\/strong>nterface &#8211; s\u00e9rie DSP9G &#8211; conex\u00e3o paralela, com teclado. <a href=\"https:\/\/solarisautomation.com\/wp-content\/uploads\/2023\/03\/MNE-HMI_DSP9_rev3.pdf\"><strong>Consultar Manual;<\/strong><\/a><\/li>\n\n\n\n<li>DSP72 &#8211; Human Machine <strong>I<\/strong>nterface &#8211; s\u00e9rie DSP72 &#8211; conex\u00e3o serial, Touch Screen. <strong><a href=\"https:\/\/solarisautomation.com\/wp-content\/uploads\/2023\/03\/MNE-DSP72_1-0.pdf\">Consultar Manual;<\/a><\/strong><\/li>\n\n\n\n<li>DSP9AS &#8211; Human Machine <strong>I<\/strong>nterface &#8211; s\u00e9rie DSPAS &#8211; conex\u00e3o serial, com teclado. Consultar Manual;<\/li>\n\n\n\n<li>DSP9BS &#8211; Human Machine <strong>I<\/strong>nterface &#8211; s\u00e9rie DSPBS &#8211; conex\u00e3o serial, com teclado. Consultar Manual;<\/li>\n<\/ul>\n\n\n\n<p>OBS: Caso esteja procurando um produto que n\u00e3o consta na lista, o mesmo pode estar descontinuado, entre em contato para consultar disponibilidade.<\/p>\n","protected":false},"excerpt":{"rendered":"<p>Descri\u00e7\u00e3o do Produto Fornecendo uma solu\u00e7\u00e3o para que o operador utilize as informa\u00e7\u00e3o da automa\u00e7\u00e3o com efici\u00eancia, fornecemos IHM com v\u00e1rios formatos de tela e teclado. Modelos de IHM dispon\u00edveis: OBS: Caso esteja procurando um produto que n\u00e3o consta na lista, o mesmo pode estar descontinuado, entre em contato para [&hellip;]<\/p>\n","protected":false},"author":1,"featured_media":90,"parent":0,"menu_order":0,"comment_status":"closed","ping_status":"closed","template":"","meta":{"footnotes":""},"class_list":["post-240","page","type-page","status-publish","has-post-thumbnail","hentry"],"_links":{"self":[{"href":"https:\/\/solarisautomation.com\/index.php\/wp-json\/wp\/v2\/pages\/240","targetHints":{"allow":["GET"]}}],"collection":[{"href":"https:\/\/solarisautomation.com\/index.php\/wp-json\/wp\/v2\/pages"}],"about":[{"href":"https:\/\/solarisautomation.com\/index.php\/wp-json\/wp\/v2\/types\/page"}],"author":[{"embeddable":true,"href":"https:\/\/solarisautomation.com\/index.php\/wp-json\/wp\/v2\/users\/1"}],"replies":[{"embeddable":true,"href":"https:\/\/solarisautomation.com\/index.php\/wp-json\/wp\/v2\/comments?post=240"}],"version-history":[{"count":7,"href":"https:\/\/solarisautomation.com\/index.php\/wp-json\/wp\/v2\/pages\/240\/revisions"}],"predecessor-version":[{"id":361,"href":"https:\/\/solarisautomation.com\/index.php\/wp-json\/wp\/v2\/pages\/240\/revisions\/361"}],"wp:featuredmedia":[{"embeddable":true,"href":"https:\/\/solarisautomation.com\/index.php\/wp-json\/wp\/v2\/media\/90"}],"wp:attachment":[{"href":"https:\/\/solarisautomation.com\/index.php\/wp-json\/wp\/v2\/media?parent=240"}],"curies":[{"name":"wp","href":"https:\/\/api.w.org\/{rel}","templated":true}]}}