{"id":30,"date":"2023-03-13T09:20:00","date_gmt":"2023-03-13T12:20:00","guid":{"rendered":"http:\/\/solarisautomation.com\/?page_id=30"},"modified":"2023-03-15T17:04:25","modified_gmt":"2023-03-15T20:04:25","slug":"home","status":"publish","type":"page","link":"https:\/\/solarisautomation.com\/","title":{"rendered":"Home"},"content":{"rendered":"\n<div class=\"wp-block-cover alignfull is-light hestia-clear-top-padding\" style=\"min-height:677px;aspect-ratio:unset;\"><span aria-hidden=\"true\" class=\"wp-block-cover__background has-white-background-color has-background-dim-100 has-background-dim\"><\/span><div class=\"wp-block-cover__inner-container is-layout-flow wp-block-cover-is-layout-flow\">\n<h2 class=\"has-text-align-center has-text-color wp-block-heading\" style=\"color:#3c4858\">A Empresa<\/h2>\n\n\n\n<p>A empresa foi fundada em 1992 com o intuito de suprir a crescente necessidade de automa\u00e7\u00e3o nos setores da ind\u00fastria e constru\u00e7\u00e3o civil. Baseada em tecnologia pr\u00f3pria a Solaris Automation vem desenvolvendo controladores program\u00e1veis para clientes das mais diversas \u00e1reas, sempre levando em conta o bin\u00f4mio custo x benef\u00edcio, al\u00e9m de introduzir caracter\u00edsticas inovadoras em seus produtos, que se caracterizam pela simplicidade de opera\u00e7\u00e3o e manuten\u00e7\u00e3o.<\/p>\n\n\n\n<div style=\"height:40px\" aria-hidden=\"true\" class=\"wp-block-spacer\"><\/div>\n\n\n\n<div class=\"wp-block-columns container is-layout-flex wp-container-core-columns-is-layout-28f84493 wp-block-columns-is-layout-flex\">\n<div class=\"wp-block-column is-layout-flow wp-block-column-is-layout-flow\"><div class=\"wp-block-image\">\n<figure class=\"aligncenter size-large\"><img decoding=\"async\" src=\"https:\/\/solarisautomation.com\/wp-content\/themes\/hestia\/assets\/img\/feat1.png\" alt=\"\" class=\"wp-image-70\"\/><\/figure>\n<\/div>\n\n\n<h5 class=\"has-text-align-center has-text-color wp-block-heading\" style=\"color:#3c4858;font-size:18px\">Filosofia<\/h5>\n\n\n\n<p class=\"has-text-align-center has-black-color has-text-color\" style=\"font-size:14px\">A Solaris Automation tem como filosofia primordial o excelente atendimento p\u00f3s-venda, assegurando ao cliente um perfeito suporte aos seus produtos.<\/p>\n\n\n\n<div style=\"height:25px\" aria-hidden=\"true\" class=\"wp-block-spacer\"><\/div>\n<\/div>\n\n\n\n<div class=\"wp-block-column is-layout-flow wp-block-column-is-layout-flow\"><div class=\"wp-block-image\">\n<figure class=\"aligncenter size-large\"><img decoding=\"async\" src=\"https:\/\/solarisautomation.com\/wp-content\/themes\/hestia\/assets\/img\/feat2.png\" alt=\"\" class=\"wp-image-71\"\/><\/figure>\n<\/div>\n\n\n<h5 class=\"has-text-align-center has-text-color wp-block-heading\" style=\"color:#3c4858;font-size:18px\">Mercado<\/h5>\n\n\n\n<p class=\"has-text-align-center has-black-color has-text-color\" style=\"font-size:14px\">Os Controladores L\u00f3gicos Program\u00e1veis da Solaris Automation aplicam-se a automa\u00e7\u00e3o de maquin\u00e1rios em geral, como exemplo o controle de m\u00e1quinas operatrizes, fresadoras, tornos, injetoras, contagem e supervis\u00e3o em esteiras, elevadores, etc. Onde a possibilidade de interliga\u00e7\u00e3o de v\u00e1rios controladores em rede ou microcomputadores de maior porte permitem supervisionamento de uma f\u00e1brica inteira ou controle de processos est\u00e1ticos, fornos com t\u00e9cnica PID, temporiza\u00e7\u00f5es, monitoramento em tempo real e opera\u00e7\u00f5es aritm\u00e9ticas.<\/p>\n\n\n\n<div style=\"height:25px\" aria-hidden=\"true\" class=\"wp-block-spacer\"><\/div>\n<\/div>\n\n\n\n<div class=\"wp-block-column is-layout-flow wp-block-column-is-layout-flow\"><div class=\"wp-block-image\">\n<figure class=\"aligncenter size-large\"><img decoding=\"async\" src=\"https:\/\/solarisautomation.com\/wp-content\/themes\/hestia\/assets\/img\/feat3.png\" alt=\"\" class=\"wp-image-72\"\/><\/figure>\n<\/div>\n\n\n<h5 class=\"has-text-align-center has-text-color wp-block-heading\" style=\"color:#3c4858;font-size:18px\">Suporte<\/h5>\n\n\n\n<p class=\"has-text-align-center has-black-color has-text-color\" style=\"font-size:14px\">Nosso suporte \u00e9 voltado para clientes que buscam ajuda e solu\u00e7\u00f5es de problemas, trabalhamos para oferecer a melhor solu\u00e7\u00e3o visando tempo de entrega otimizado e excelente rela\u00e7\u00e3o custo\/benef\u00edcio.<\/p>\n\n\n\n<div style=\"height:25px\" aria-hidden=\"true\" class=\"wp-block-spacer\"><\/div>\n<\/div>\n<\/div>\n<\/div><\/div>\n\n\n\n<div class=\"wp-block-columns container is-layout-flex wp-container-core-columns-is-layout-28f84493 wp-block-columns-is-layout-flex\">\n<div class=\"wp-block-column is-layout-flow wp-block-column-is-layout-flow\"><\/div>\n\n\n\n<div class=\"wp-block-column is-layout-flow wp-block-column-is-layout-flow\"><\/div>\n<\/div>\n","protected":false},"excerpt":{"rendered":"","protected":false},"author":1,"featured_media":0,"parent":0,"menu_order":0,"comment_status":"closed","ping_status":"closed","template":"","meta":{"footnotes":""},"class_list":["post-30","page","type-page","status-publish","hentry"],"_links":{"self":[{"href":"https:\/\/solarisautomation.com\/index.php\/wp-json\/wp\/v2\/pages\/30","targetHints":{"allow":["GET"]}}],"collection":[{"href":"https:\/\/solarisautomation.com\/index.php\/wp-json\/wp\/v2\/pages"}],"about":[{"href":"https:\/\/solarisautomation.com\/index.php\/wp-json\/wp\/v2\/types\/page"}],"author":[{"embeddable":true,"href":"https:\/\/solarisautomation.com\/index.php\/wp-json\/wp\/v2\/users\/1"}],"replies":[{"embeddable":true,"href":"https:\/\/solarisautomation.com\/index.php\/wp-json\/wp\/v2\/comments?post=30"}],"version-history":[{"count":10,"href":"https:\/\/solarisautomation.com\/index.php\/wp-json\/wp\/v2\/pages\/30\/revisions"}],"predecessor-version":[{"id":288,"href":"https:\/\/solarisautomation.com\/index.php\/wp-json\/wp\/v2\/pages\/30\/revisions\/288"}],"wp:attachment":[{"href":"https:\/\/solarisautomation.com\/index.php\/wp-json\/wp\/v2\/media?parent=30"}],"curies":[{"name":"wp","href":"https:\/\/api.w.org\/{rel}","templated":true}]}}